{"id":1775,"date":"2024-08-08T13:41:45","date_gmt":"2024-08-08T11:41:45","guid":{"rendered":"https:\/\/e-inventaire.com\/?page_id=1775"},"modified":"2024-08-19T18:29:15","modified_gmt":"2024-08-19T16:29:15","slug":"mention-legale","status":"publish","type":"page","link":"https:\/\/e-inventaire.com\/en\/mention-legale\/","title":{"rendered":"Legal Notice"},"content":{"rendered":"<div data-elementor-type=\"wp-page\" data-elementor-id=\"1775\" class=\"elementor elementor-1775\">\n\t\t\t\t\t\t<section class=\"elementor-section elementor-top-section elementor-element elementor-element-c28bc35 elementor-section-boxed elementor-section-height-default elementor-section-height-default sc_fly_static\" data-id=\"c28bc35\" data-element_type=\"section\">\n\t\t\t\t\t\t<div class=\"elementor-container elementor-column-gap-extended\">\n\t\t\t\t\t<div class=\"elementor-column elementor-col-100 elementor-top-column elementor-element elementor-element-6185808 sc_inner_width_none sc_content_align_inherit sc_layouts_column_icons_position_left sc_fly_static\" data-id=\"6185808\" data-element_type=\"column\">\n\t\t\t<div class=\"elementor-widget-wrap elementor-element-populated\">\n\t\t\t\t\t\t<div class=\"elementor-element elementor-element-c901aa1 sc_fly_static elementor-widget elementor-widget-text-editor\" data-id=\"c901aa1\" data-element_type=\"widget\" data-widget_type=\"text-editor.default\">\n\t\t\t\t<div class=\"elementor-widget-container\">\n\t\t\t\t\t\t\t\t\t<h5>Terms of use<\/h5><div class=\"text-center\"><p>Welcome to our website <strong>e-stock<\/strong>. In accordance with current legislation, we provide you with legal information about our company. We invite you to read these legal notices carefully to better understand our commitments and your rights as a user of our platform.<\/p><ul><li><strong>Company name<\/strong> : KY SOLUTIONS DIGITAL<\/li><li><strong>Company address<\/strong> 33 Avenue Charles Emmanuel, 94450 Limeil-Br\u00e9vannes, France<\/li><li><strong>Publishing Director<\/strong> KADJA SAMSON<\/li><li><strong>Company contact<\/strong> : +33 9 72 36 90 52<\/li><li><strong>SIRET number<\/strong> : 92202912900017<\/li><\/ul><\/div>\t\t\t\t\t\t\t\t<\/div>\n\t\t\t\t<\/div>\n\t\t\t\t\t<\/div>\n\t\t<\/div>\n\t\t\t\t\t<\/div>\n\t\t<\/section>\n\t\t\t\t<section class=\"elementor-section elementor-top-section elementor-element elementor-element-6ca7acc elementor-section-boxed elementor-section-height-default elementor-section-height-default sc_fly_static\" data-id=\"6ca7acc\" data-element_type=\"section\">\n\t\t\t\t\t\t<div class=\"elementor-container elementor-column-gap-extended\">\n\t\t\t\t\t<div class=\"elementor-column elementor-col-100 elementor-top-column elementor-element elementor-element-dd2a5f7 sc_inner_width_none sc_content_align_inherit sc_layouts_column_icons_position_left sc_fly_static\" data-id=\"dd2a5f7\" data-element_type=\"column\">\n\t\t\t<div class=\"elementor-widget-wrap elementor-element-populated\">\n\t\t\t\t\t\t<div class=\"elementor-element elementor-element-96a241c sc_fly_static elementor-widget elementor-widget-spacer\" data-id=\"96a241c\" data-element_type=\"widget\" data-widget_type=\"spacer.default\">\n\t\t\t\t<div class=\"elementor-widget-container\">\n\t\t\t\t\t\t\t<div class=\"elementor-spacer\">\n\t\t\t<div class=\"elementor-spacer-inner\"><\/div>\n\t\t<\/div>\n\t\t\t\t\t\t<\/div>\n\t\t\t\t<\/div>\n\t\t\t\t\t<\/div>\n\t\t<\/div>\n\t\t\t\t\t<\/div>\n\t\t<\/section>\n\t\t\t\t<section class=\"elementor-section elementor-top-section elementor-element elementor-element-9566e2e elementor-section-boxed elementor-section-height-default elementor-section-height-default sc_fly_static\" data-id=\"9566e2e\" data-element_type=\"section\" data-settings=\"{&quot;background_background&quot;:&quot;classic&quot;}\">\n\t\t\t\t\t\t<div class=\"elementor-container elementor-column-gap-extended\">\n\t\t\t\t\t<div class=\"elementor-column elementor-col-100 elementor-top-column elementor-element elementor-element-8120fd1 sc_inner_width_none sc_content_align_inherit sc_layouts_column_icons_position_left sc_fly_static\" data-id=\"8120fd1\" data-element_type=\"column\">\n\t\t\t<div class=\"elementor-widget-wrap elementor-element-populated\">\n\t\t\t\t\t\t<div class=\"elementor-element elementor-element-7242f4f sc_fly_static elementor-widget elementor-widget-text-editor\" data-id=\"7242f4f\" data-element_type=\"widget\" data-widget_type=\"text-editor.default\">\n\t\t\t\t<div class=\"elementor-widget-container\">\n\t\t\t\t\t\t\t\t\t<h5>Hosting<\/h5><p>Le site <strong>e-stock<\/strong> is hosted by OVHcloud France, whose head office is located at <span class=\"ILfuVd\" lang=\"fr\"><span class=\"hgKElc\">2 rue Kellermann, 59100 Roubaix, France<\/span><\/span>-France<\/p>\t\t\t\t\t\t\t\t<\/div>\n\t\t\t\t<\/div>\n\t\t\t\t\t<\/div>\n\t\t<\/div>\n\t\t\t\t\t<\/div>\n\t\t<\/section>\n\t\t\t\t<section class=\"elementor-section elementor-top-section elementor-element elementor-element-ea33800 elementor-section-boxed elementor-section-height-default elementor-section-height-default sc_fly_static\" data-id=\"ea33800\" data-element_type=\"section\">\n\t\t\t\t\t\t<div class=\"elementor-container elementor-column-gap-extended\">\n\t\t\t\t\t<div class=\"elementor-column elementor-col-100 elementor-top-column elementor-element elementor-element-08bb8eb sc_inner_width_none sc_content_align_inherit sc_layouts_column_icons_position_left sc_fly_static\" data-id=\"08bb8eb\" data-element_type=\"column\">\n\t\t\t<div class=\"elementor-widget-wrap elementor-element-populated\">\n\t\t\t\t\t\t<div class=\"elementor-element elementor-element-1b6441e sc_fly_static elementor-widget elementor-widget-spacer\" data-id=\"1b6441e\" data-element_type=\"widget\" data-widget_type=\"spacer.default\">\n\t\t\t\t<div class=\"elementor-widget-container\">\n\t\t\t\t\t\t\t<div class=\"elementor-spacer\">\n\t\t\t<div class=\"elementor-spacer-inner\"><\/div>\n\t\t<\/div>\n\t\t\t\t\t\t<\/div>\n\t\t\t\t<\/div>\n\t\t\t\t\t<\/div>\n\t\t<\/div>\n\t\t\t\t\t<\/div>\n\t\t<\/section>\n\t\t\t\t<section class=\"elementor-section elementor-top-section elementor-element elementor-element-24394b1 elementor-section-boxed elementor-section-height-default elementor-section-height-default sc_fly_static\" data-id=\"24394b1\" data-element_type=\"section\" data-settings=\"{&quot;background_background&quot;:&quot;classic&quot;}\">\n\t\t\t\t\t\t<div class=\"elementor-container elementor-column-gap-extended\">\n\t\t\t\t\t<div class=\"elementor-column elementor-col-100 elementor-top-column elementor-element elementor-element-dfc4d4b sc_inner_width_none sc_content_align_inherit sc_layouts_column_icons_position_left sc_fly_static\" data-id=\"dfc4d4b\" data-element_type=\"column\">\n\t\t\t<div class=\"elementor-widget-wrap elementor-element-populated\">\n\t\t\t\t\t\t<div class=\"elementor-element elementor-element-36b5758 sc_fly_static elementor-widget elementor-widget-text-editor\" data-id=\"36b5758\" data-element_type=\"widget\" data-widget_type=\"text-editor.default\">\n\t\t\t\t<div class=\"elementor-widget-container\">\n\t\t\t\t\t\t\t\t\t<h5>Intellectual Property<\/h5><p>All content on the site <strong>e-stock<\/strong>All content, including but not limited to graphics, images, texts, videos, animations, sounds, logos, gifs and icons, as well as their formatting, are the exclusive property of KY SOLUTIONS DIGITAL, with the exception of trademarks, logos or content belonging to other partner companies or authors.<\/p>\t\t\t\t\t\t\t\t<\/div>\n\t\t\t\t<\/div>\n\t\t\t\t\t<\/div>\n\t\t<\/div>\n\t\t\t\t\t<\/div>\n\t\t<\/section>\n\t\t\t\t<section class=\"elementor-section elementor-top-section elementor-element elementor-element-6451e4b elementor-section-boxed elementor-section-height-default elementor-section-height-default sc_fly_static\" data-id=\"6451e4b\" data-element_type=\"section\">\n\t\t\t\t\t\t<div class=\"elementor-container elementor-column-gap-extended\">\n\t\t\t\t\t<div class=\"elementor-column elementor-col-100 elementor-top-column elementor-element elementor-element-583a0f9 sc_inner_width_none sc_content_align_inherit sc_layouts_column_icons_position_left sc_fly_static\" data-id=\"583a0f9\" data-element_type=\"column\">\n\t\t\t<div class=\"elementor-widget-wrap elementor-element-populated\">\n\t\t\t\t\t\t<div class=\"elementor-element elementor-element-4d51df7 sc_fly_static elementor-widget elementor-widget-spacer\" data-id=\"4d51df7\" data-element_type=\"widget\" data-widget_type=\"spacer.default\">\n\t\t\t\t<div class=\"elementor-widget-container\">\n\t\t\t\t\t\t\t<div class=\"elementor-spacer\">\n\t\t\t<div class=\"elementor-spacer-inner\"><\/div>\n\t\t<\/div>\n\t\t\t\t\t\t<\/div>\n\t\t\t\t<\/div>\n\t\t\t\t\t<\/div>\n\t\t<\/div>\n\t\t\t\t\t<\/div>\n\t\t<\/section>\n\t\t\t\t<section class=\"elementor-section elementor-top-section elementor-element elementor-element-a3fd7b9 elementor-section-boxed elementor-section-height-default elementor-section-height-default sc_fly_static\" data-id=\"a3fd7b9\" data-element_type=\"section\">\n\t\t\t\t\t\t<div class=\"elementor-container elementor-column-gap-extended\">\n\t\t\t\t\t<div class=\"elementor-column elementor-col-100 elementor-top-column elementor-element elementor-element-413186b sc_inner_width_none sc_content_align_inherit sc_layouts_column_icons_position_left sc_fly_static\" data-id=\"413186b\" data-element_type=\"column\">\n\t\t\t<div class=\"elementor-widget-wrap elementor-element-populated\">\n\t\t\t\t\t\t<div class=\"elementor-element elementor-element-ca8bdd9 sc_fly_static elementor-widget elementor-widget-text-editor\" data-id=\"ca8bdd9\" data-element_type=\"widget\" data-widget_type=\"text-editor.default\">\n\t\t\t\t<div class=\"elementor-widget-container\">\n\t\t\t\t\t\t\t\t\t<h5>Privacy Policy and Cookies<\/h5><p>To view our privacy policy and learn more about the use of cookies on our site, please visit our <a href=\"https:\/\/e-inventaire.com\/en\/privacy\/\" target=\"_new\" rel=\"noreferrer\">Privacy Policy<\/a>.<\/p>\t\t\t\t\t\t\t\t<\/div>\n\t\t\t\t<\/div>\n\t\t\t\t\t<\/div>\n\t\t<\/div>\n\t\t\t\t\t<\/div>\n\t\t<\/section>\n\t\t\t\t<\/div>","protected":false},"excerpt":{"rendered":"<p>Legal information Welcome to the e-stock website. In accordance with current legislation, we provide you with legal information about our company. Please read carefully...<\/p>","protected":false},"author":1,"featured_media":0,"parent":0,"menu_order":0,"comment_status":"closed","ping_status":"closed","template":"","meta":{"footnotes":""},"class_list":["post-1775","page","type-page","status-publish","hentry"],"yoast_head":"<!-- This site is optimized with the Yoast SEO plugin v26.5 - https:\/\/yoast.com\/wordpress\/plugins\/seo\/ -->\n<title>Mention L\u00e9gale - eStock<\/title>\n<meta name=\"robots\" content=\"noindex, follow\" \/>\n<meta property=\"og:locale\" content=\"en_US\" \/>\n<meta property=\"og:type\" content=\"article\" \/>\n<meta property=\"og:title\" content=\"Mention L\u00e9gale - eStock\" \/>\n<meta property=\"og:description\" content=\"Mentions L\u00e9gales Bienvenue sur le site e-stock. Conform\u00e9ment \u00e0 la l\u00e9gislation en vigueur, nous mettons \u00e0 votre disposition les informations l\u00e9gales concernant notre entreprise. Nous vous invitons \u00e0 lire attentivement&hellip;\" \/>\n<meta property=\"og:url\" content=\"https:\/\/e-inventaire.com\/en\/mention-legale\/\" \/>\n<meta property=\"og:site_name\" content=\"eStock\" \/>\n<meta property=\"article:modified_time\" content=\"2024-08-19T16:29:15+00:00\" \/>\n<meta name=\"twitter:card\" content=\"summary_large_image\" \/>\n<meta name=\"twitter:label1\" content=\"Est. reading time\" \/>\n\t<meta name=\"twitter:data1\" content=\"1 minute\" \/>\n<script type=\"application\/ld+json\" class=\"yoast-schema-graph\">{\"@context\":\"https:\/\/schema.org\",\"@graph\":[{\"@type\":\"WebPage\",\"@id\":\"https:\/\/e-inventaire.com\/mention-legale\/\",\"url\":\"https:\/\/e-inventaire.com\/mention-legale\/\",\"name\":\"Mention L\u00e9gale - eStock\",\"isPartOf\":{\"@id\":\"https:\/\/e-inventaire.com\/#website\"},\"datePublished\":\"2024-08-08T11:41:45+00:00\",\"dateModified\":\"2024-08-19T16:29:15+00:00\",\"breadcrumb\":{\"@id\":\"https:\/\/e-inventaire.com\/mention-legale\/#breadcrumb\"},\"inLanguage\":\"en-US\",\"potentialAction\":[{\"@type\":\"ReadAction\",\"target\":[\"https:\/\/e-inventaire.com\/mention-legale\/\"]}]},{\"@type\":\"BreadcrumbList\",\"@id\":\"https:\/\/e-inventaire.com\/mention-legale\/#breadcrumb\",\"itemListElement\":[{\"@type\":\"ListItem\",\"position\":1,\"name\":\"Accueil\",\"item\":\"https:\/\/e-inventaire.com\/\"},{\"@type\":\"ListItem\",\"position\":2,\"name\":\"Mention L\u00e9gale\"}]},{\"@type\":\"WebSite\",\"@id\":\"https:\/\/e-inventaire.com\/#website\",\"url\":\"https:\/\/e-inventaire.com\/\",\"name\":\"eStock\",\"description\":\"La super-app de gestion de stock\",\"publisher\":{\"@id\":\"https:\/\/e-inventaire.com\/#organization\"},\"potentialAction\":[{\"@type\":\"SearchAction\",\"target\":{\"@type\":\"EntryPoint\",\"urlTemplate\":\"https:\/\/e-inventaire.com\/?s={search_term_string}\"},\"query-input\":{\"@type\":\"PropertyValueSpecification\",\"valueRequired\":true,\"valueName\":\"search_term_string\"}}],\"inLanguage\":\"en-US\"},{\"@type\":\"Organization\",\"@id\":\"https:\/\/e-inventaire.com\/#organization\",\"name\":\"eStock\",\"url\":\"https:\/\/e-inventaire.com\/\",\"logo\":{\"@type\":\"ImageObject\",\"inLanguage\":\"en-US\",\"@id\":\"https:\/\/e-inventaire.com\/#\/schema\/logo\/image\/\",\"url\":\"https:\/\/e-inventaire.com\/wp-content\/uploads\/2026\/01\/estock-logo.png\",\"contentUrl\":\"https:\/\/e-inventaire.com\/wp-content\/uploads\/2026\/01\/estock-logo.png\",\"width\":747,\"height\":168,\"caption\":\"eStock\"},\"image\":{\"@id\":\"https:\/\/e-inventaire.com\/#\/schema\/logo\/image\/\"}}]}<\/script>\n<!-- \/ Yoast SEO plugin. -->","yoast_head_json":{"title":"Legal Notice - eStock","robots":{"index":"noindex","follow":"follow"},"og_locale":"en_US","og_type":"article","og_title":"Mention L\u00e9gale - eStock","og_description":"Mentions L\u00e9gales Bienvenue sur le site e-stock. Conform\u00e9ment \u00e0 la l\u00e9gislation en vigueur, nous mettons \u00e0 votre disposition les informations l\u00e9gales concernant notre entreprise. Nous vous invitons \u00e0 lire attentivement&hellip;","og_url":"https:\/\/e-inventaire.com\/en\/mention-legale\/","og_site_name":"eStock","article_modified_time":"2024-08-19T16:29:15+00:00","twitter_card":"summary_large_image","twitter_misc":{"Est. reading time":"1 minute"},"schema":{"@context":"https:\/\/schema.org","@graph":[{"@type":"WebPage","@id":"https:\/\/e-inventaire.com\/mention-legale\/","url":"https:\/\/e-inventaire.com\/mention-legale\/","name":"Legal Notice - eStock","isPartOf":{"@id":"https:\/\/e-inventaire.com\/#website"},"datePublished":"2024-08-08T11:41:45+00:00","dateModified":"2024-08-19T16:29:15+00:00","breadcrumb":{"@id":"https:\/\/e-inventaire.com\/mention-legale\/#breadcrumb"},"inLanguage":"en-US","potentialAction":[{"@type":"ReadAction","target":["https:\/\/e-inventaire.com\/mention-legale\/"]}]},{"@type":"BreadcrumbList","@id":"https:\/\/e-inventaire.com\/mention-legale\/#breadcrumb","itemListElement":[{"@type":"ListItem","position":1,"name":"Accueil","item":"https:\/\/e-inventaire.com\/"},{"@type":"ListItem","position":2,"name":"Mention L\u00e9gale"}]},{"@type":"WebSite","@id":"https:\/\/e-inventaire.com\/#website","url":"https:\/\/e-inventaire.com\/","name":"eStock","description":"The stock management super-app","publisher":{"@id":"https:\/\/e-inventaire.com\/#organization"},"potentialAction":[{"@type":"SearchAction","target":{"@type":"EntryPoint","urlTemplate":"https:\/\/e-inventaire.com\/?s={search_term_string}"},"query-input":{"@type":"PropertyValueSpecification","valueRequired":true,"valueName":"search_term_string"}}],"inLanguage":"en-US"},{"@type":"Organization","@id":"https:\/\/e-inventaire.com\/#organization","name":"eStock","url":"https:\/\/e-inventaire.com\/","logo":{"@type":"ImageObject","inLanguage":"en-US","@id":"https:\/\/e-inventaire.com\/#\/schema\/logo\/image\/","url":"https:\/\/e-inventaire.com\/wp-content\/uploads\/2026\/01\/estock-logo.png","contentUrl":"https:\/\/e-inventaire.com\/wp-content\/uploads\/2026\/01\/estock-logo.png","width":747,"height":168,"caption":"eStock"},"image":{"@id":"https:\/\/e-inventaire.com\/#\/schema\/logo\/image\/"}}]}},"_links":{"self":[{"href":"https:\/\/e-inventaire.com\/en\/wp-json\/wp\/v2\/pages\/1775","targetHints":{"allow":["GET"]}}],"collection":[{"href":"https:\/\/e-inventaire.com\/en\/wp-json\/wp\/v2\/pages"}],"about":[{"href":"https:\/\/e-inventaire.com\/en\/wp-json\/wp\/v2\/types\/page"}],"author":[{"embeddable":true,"href":"https:\/\/e-inventaire.com\/en\/wp-json\/wp\/v2\/users\/1"}],"replies":[{"embeddable":true,"href":"https:\/\/e-inventaire.com\/en\/wp-json\/wp\/v2\/comments?post=1775"}],"version-history":[{"count":16,"href":"https:\/\/e-inventaire.com\/en\/wp-json\/wp\/v2\/pages\/1775\/revisions"}],"predecessor-version":[{"id":1815,"href":"https:\/\/e-inventaire.com\/en\/wp-json\/wp\/v2\/pages\/1775\/revisions\/1815"}],"wp:attachment":[{"href":"https:\/\/e-inventaire.com\/en\/wp-json\/wp\/v2\/media?parent=1775"}],"curies":[{"name":"wp","href":"https:\/\/api.w.org\/{rel}","templated":true}]}}